{"id":778,"date":"2021-07-24T11:17:40","date_gmt":"2021-07-24T11:17:40","guid":{"rendered":"http:\/\/apartamentymonika.pl\/?page_id=778"},"modified":"2021-07-24T11:26:11","modified_gmt":"2021-07-24T11:26:11","slug":"homepage-2","status":"publish","type":"page","link":"https:\/\/apartamentymonika.pl\/?page_id=778","title":{"rendered":"O nas"},"content":{"rendered":"\t\t<div data-elementor-type=\"wp-page\" data-elementor-id=\"778\" class=\"elementor elementor-778\" data-elementor-settings=\"[]\">\n\t\t\t\t\t\t\t<div class=\"elementor-section-wrap\">\n\t\t\t\t\t\t\t<section class=\"elementor-section elementor-top-section elementor-element elementor-element-4fd2b8d6 elementor-section-boxed elementor-section-height-default elementor-section-height-default\" data-id=\"4fd2b8d6\" data-element_type=\"section\" id=\"about\" data-settings=\"{&quot;background_background&quot;:&quot;classic&quot;,&quot;animation_tablet&quot;:&quot;fadeIn&quot;}\">\n\t\t\t\t\t\t\t<div class=\"elementor-background-overlay\"><\/div>\n\t\t\t\t\t\t\t<div class=\"elementor-container elementor-column-gap-default\">\n\t\t\t\t\t<div class=\"elementor-column elementor-col-100 elementor-top-column elementor-element elementor-element-3cd16eca\" data-id=\"3cd16eca\" data-element_type=\"column\" data-settings=\"{&quot;animation_mobile&quot;:&quot;fadeIn&quot;}\">\n\t\t\t<div class=\"elementor-widget-wrap elementor-element-populated\">\n\t\t\t\t\t\t\t\t<div class=\"elementor-element elementor-element-50b39159 elementor-invisible elementor-widget elementor-widget-heading\" data-id=\"50b39159\" data-element_type=\"widget\" data-settings=\"{&quot;_animation&quot;:&quot;fadeIn&quot;}\" data-widget_type=\"heading.default\">\n\t\t\t\t<div class=\"elementor-widget-container\">\n\t\t\t<h3 class=\"elementor-heading-title elementor-size-large\"><i>O Nas<\/i><\/h3>\t\t<\/div>\n\t\t\t\t<\/div>\n\t\t\t\t<section class=\"elementor-section elementor-inner-section elementor-element elementor-element-1d2e886 elementor-section-boxed elementor-section-height-default elementor-section-height-default\" data-id=\"1d2e886\" data-element_type=\"section\">\n\t\t\t\t\t\t<div class=\"elementor-container elementor-column-gap-default\">\n\t\t\t\t\t<div class=\"elementor-column elementor-col-50 elementor-inner-column elementor-element elementor-element-b689158\" data-id=\"b689158\" data-element_type=\"column\">\n\t\t\t<div class=\"elementor-widget-wrap elementor-element-populated\">\n\t\t\t\t\t\t\t\t<div class=\"elementor-element elementor-element-0f8afc0 animated-fast elementor-invisible elementor-widget elementor-widget-heading\" data-id=\"0f8afc0\" data-element_type=\"widget\" data-settings=\"{&quot;_animation&quot;:&quot;fadeInRight&quot;}\" data-widget_type=\"heading.default\">\n\t\t\t\t<div class=\"elementor-widget-container\">\n\t\t\t<h2 class=\"elementor-heading-title elementor-size-default\"><i><span style=\"font-family: Lato, sans-serif; font-size: 19px; font-variant-ligatures: normal; font-variant-caps: normal; font-weight: 600; letter-spacing: 0.2px; text-transform: uppercase;\">NASZE APARTAMENTY ZNAJDUJ\u0104 SI\u0118 W MALOWNICZYM I WIDOKOWYM ZAK\u0104TKU KORBIELOWA.<\/span><\/i><\/h2>\t\t<\/div>\n\t\t\t\t<\/div>\n\t\t\t\t<div class=\"elementor-element elementor-element-4bdd69e5 elementor-position-left animated-slow elementor-vertical-align-top elementor-invisible elementor-widget elementor-widget-image-box\" data-id=\"4bdd69e5\" data-element_type=\"widget\" data-settings=\"{&quot;_animation&quot;:&quot;fadeInLeft&quot;}\" data-widget_type=\"image-box.default\">\n\t\t\t\t<div class=\"elementor-widget-container\">\n\t\t\t<div class=\"elementor-image-box-wrapper\"><div class=\"elementor-image-box-content\"><p class=\"elementor-image-box-description\"><i>Korbiel\u00f3w to miejscowo\u015b\u0107 po\u0142o\u017cona w&nbsp;Beskidzie \u017bywieckim, drugim co do wysoko\u015bci (po Tatrach) pa\u015bmie\ng\u00f3rskim w&nbsp;Polsce. Znajduje si\u0119 tutaj jeden z&nbsp;najwy\u017cszych szczyt\u00f3w Beskid\u00f3w- Pilsko 1557 m&nbsp;n.p.m, jest to\ndrugi najwy\u017cszy szczyt po Babiej G\u00f3rze 1725 m&nbsp;n.p.m.<br><br>\nWidoki g\u00f3r zapieraj\u0105 dech w&nbsp;piersiach o&nbsp;ka\u017cdej porze roku. G\u00f3rskie w\u0119dr\u00f3wki, spacery po g\u00f3rach, \u015bcie\u017cki\nrowerowe, szusowanie po od\u015bnie\u017conych stokach Pilska, tak aktywnie mo\u017cna sp\u0119dzi\u0107 tutaj dni i&nbsp;mi\u0142e chwile. Po\ntak pe\u0142nym wra\u017ce\u0144 dniu przychodzi czas na relaks, <u>mo\u017cna <\/u>usi\u0105\u015b\u0107 przy kominku z&nbsp;kubkiem gor\u0105cej herbaty czy\nprzy lampce wina, mo\u017cna podziwia\u0107 widok g\u00f3r z&nbsp;balkonu, odpocz\u0105\u0107 w&nbsp;komfortowo urz\u0105dzonych wn\u0119trzach. To\nw\u0142a\u015bnie oferuj\u0105 Apartamenty Monika w&nbsp;Korbielowie. Nasza oferta jest bogata i&nbsp;pozwala na znalezienie\nidealnego wypoczynku w&nbsp;g\u00f3rach. Czas sp\u0119dzony w&nbsp;naszych apartamentach b\u0119dzie wyj\u0105tkowy. Budynek jest\nnowy, wybudowany z&nbsp;ekologicznych materia\u0142\u00f3w: drewno, kamie\u0144 i&nbsp;ceg\u0142a- przyjaznych dla \u015brodowiska. Spok\u00f3j,\ncisza i&nbsp;blisko\u015b\u0107 natury to idealne warunki do pe\u0142nego wypoczynku.<\/i> <\/p><\/div><\/div>\t\t<\/div>\n\t\t\t\t<\/div>\n\t\t\t\t<div class=\"elementor-element elementor-element-6a1fcc6 elementor-widget-divider--view-line elementor-widget elementor-widget-divider\" data-id=\"6a1fcc6\" data-element_type=\"widget\" data-widget_type=\"divider.default\">\n\t\t\t\t<div class=\"elementor-widget-container\">\n\t\t\t\t\t<div class=\"elementor-divider\">\n\t\t\t<span class=\"elementor-divider-separator\">\n\t\t\t\t\t\t<\/span>\n\t\t<\/div>\n\t\t\t\t<\/div>\n\t\t\t\t<\/div>\n\t\t\t\t<div class=\"elementor-element elementor-element-23d1e12 elementor-align-center elementor-invisible elementor-widget elementor-widget-button\" data-id=\"23d1e12\" data-element_type=\"widget\" data-settings=\"{&quot;_animation&quot;:&quot;fadeIn&quot;,&quot;_animation_mobile&quot;:&quot;fadeIn&quot;}\" data-widget_type=\"button.default\">\n\t\t\t\t<div class=\"elementor-widget-container\">\n\t\t\t\t\t<div class=\"elementor-button-wrapper\">\n\t\t\t<a href=\"https:\/\/apartamentymonika.pl\/?page_id=268\" class=\"elementor-button-link elementor-button elementor-size-sm elementor-animation-grow\" role=\"button\">\n\t\t\t\t\t\t<span class=\"elementor-button-content-wrapper\">\n\t\t\t\t\t\t<span class=\"elementor-button-icon elementor-align-icon-left\">\n\t\t\t\t<i aria-hidden=\"true\" class=\"fas fa-angle-down\"><\/i>\t\t\t<\/span>\n\t\t\t\t\t\t<span class=\"elementor-button-text\">Skontaktuj si\u0119 z nami<\/span>\n\t\t<\/span>\n\t\t\t\t\t<\/a>\n\t\t<\/div>\n\t\t\t\t<\/div>\n\t\t\t\t<\/div>\n\t\t\t\t\t<\/div>\n\t\t<\/div>\n\t\t\t\t<div class=\"elementor-column elementor-col-50 elementor-inner-column elementor-element elementor-element-c81266c\" data-id=\"c81266c\" data-element_type=\"column\">\n\t\t\t<div class=\"elementor-widget-wrap elementor-element-populated\">\n\t\t\t\t\t\t\t\t<div class=\"elementor-element elementor-element-464e3ea elementor-widget elementor-widget-image\" data-id=\"464e3ea\" data-element_type=\"widget\" data-widget_type=\"image.default\">\n\t\t\t\t<div class=\"elementor-widget-container\">\n\t\t\t\t\t\t\t\t\t\t\t\t\t\t\t<img loading=\"lazy\" decoding=\"async\" width=\"720\" height=\"960\" src=\"https:\/\/apartamentymonika.pl\/wp-content\/uploads\/2021\/07\/206852656_3040429449521534_526042029996413747_n.jpg\" class=\"attachment-large size-large\" alt=\"\" srcset=\"https:\/\/apartamentymonika.pl\/wp-content\/uploads\/2021\/07\/206852656_3040429449521534_526042029996413747_n.jpg 720w, https:\/\/apartamentymonika.pl\/wp-content\/uploads\/2021\/07\/206852656_3040429449521534_526042029996413747_n-225x300.jpg 225w\" sizes=\"auto, (max-width: 720px) 100vw, 720px\" \/>\t\t\t\t\t\t\t\t\t\t\t\t\t\t\t<\/div>\n\t\t\t\t<\/div>\n\t\t\t\t\t<\/div>\n\t\t<\/div>\n\t\t\t\t\t\t\t<\/div>\n\t\t<\/section>\n\t\t\t\t\t<\/div>\n\t\t<\/div>\n\t\t\t\t\t\t\t<\/div>\n\t\t<\/section>\n\t\t\t\t<section class=\"elementor-section elementor-top-section elementor-element elementor-element-5be58262 elementor-section-boxed elementor-section-height-default elementor-section-height-default\" data-id=\"5be58262\" data-element_type=\"section\" data-settings=\"{&quot;background_background&quot;:&quot;classic&quot;}\">\n\t\t\t\t\t\t<div class=\"elementor-container elementor-column-gap-default\">\n\t\t\t\t\t<div class=\"elementor-column elementor-col-33 elementor-top-column elementor-element elementor-element-3b77920c\" data-id=\"3b77920c\" data-element_type=\"column\">\n\t\t\t<div class=\"elementor-widget-wrap\">\n\t\t\t\t\t\t\t\t\t<\/div>\n\t\t<\/div>\n\t\t\t\t<div class=\"elementor-column elementor-col-33 elementor-top-column elementor-element elementor-element-786a36c4\" data-id=\"786a36c4\" data-element_type=\"column\">\n\t\t\t<div class=\"elementor-widget-wrap elementor-element-populated\">\n\t\t\t\t\t\t\t\t<div class=\"elementor-element elementor-element-f278f2b elementor-align-center elementor-widget elementor-widget-button\" data-id=\"f278f2b\" data-element_type=\"widget\" data-widget_type=\"button.default\">\n\t\t\t\t<div class=\"elementor-widget-container\">\n\t\t\t\t\t<div class=\"elementor-button-wrapper\">\n\t\t\t<a href=\"#top\" class=\"elementor-button-link elementor-button elementor-size-sm elementor-animation-grow\" role=\"button\">\n\t\t\t\t\t\t<span class=\"elementor-button-content-wrapper\">\n\t\t\t\t\t\t<span class=\"elementor-button-icon elementor-align-icon-left\">\n\t\t\t\t<i aria-hidden=\"true\" class=\"fas fa-angle-up\"><\/i>\t\t\t<\/span>\n\t\t\t\t\t\t<span class=\"elementor-button-text\">Powr\u00f3t do g\u00f3ry<\/span>\n\t\t<\/span>\n\t\t\t\t\t<\/a>\n\t\t<\/div>\n\t\t\t\t<\/div>\n\t\t\t\t<\/div>\n\t\t\t\t\t<\/div>\n\t\t<\/div>\n\t\t\t\t<div class=\"elementor-column elementor-col-33 elementor-top-column elementor-element elementor-element-6f13777c\" data-id=\"6f13777c\" data-element_type=\"column\">\n\t\t\t<div class=\"elementor-widget-wrap elementor-element-populated\">\n\t\t\t\t\t\t\t\t<div class=\"elementor-element elementor-element-72773b0 elementor-shape-rounded elementor-grid-0 e-grid-align-center elementor-widget elementor-widget-social-icons\" data-id=\"72773b0\" data-element_type=\"widget\" data-widget_type=\"social-icons.default\">\n\t\t\t\t<div class=\"elementor-widget-container\">\n\t\t\t\t\t<div class=\"elementor-social-icons-wrapper elementor-grid\">\n\t\t\t\t\t\t\t<div class=\"elementor-grid-item\">\n\t\t\t\t\t<a class=\"elementor-icon elementor-social-icon elementor-social-icon-instagram elementor-repeater-item-1148709\" href=\"https:\/\/www.instagram.com\/apartamentymonika\/\" target=\"_blank\">\n\t\t\t\t\t\t<span class=\"elementor-screen-only\">Instagram<\/span>\n\t\t\t\t\t\t<i class=\"fab fa-instagram\"><\/i>\t\t\t\t\t<\/a>\n\t\t\t\t<\/div>\n\t\t\t\t\t\t\t<div class=\"elementor-grid-item\">\n\t\t\t\t\t<a class=\"elementor-icon elementor-social-icon elementor-social-icon-facebook-f elementor-repeater-item-06fce55\" href=\"https:\/\/www.facebook.com\/apartamentymonika\" target=\"_blank\">\n\t\t\t\t\t\t<span class=\"elementor-screen-only\">Facebook-f<\/span>\n\t\t\t\t\t\t<i class=\"fab fa-facebook-f\"><\/i>\t\t\t\t\t<\/a>\n\t\t\t\t<\/div>\n\t\t\t\t\t<\/div>\n\t\t\t\t<\/div>\n\t\t\t\t<\/div>\n\t\t\t\t\t<\/div>\n\t\t<\/div>\n\t\t\t\t\t\t\t<\/div>\n\t\t<\/section>\n\t\t\t\t\t\t<\/div>\n\t\t\t\t\t<\/div>\n\t\t","protected":false},"excerpt":{"rendered":"<p>O Nas NASZE APARTAMENTY ZNAJDUJ\u0104 SI\u0118 W MALOWNICZYM I WIDOKOWYM ZAK\u0104TKU KORBIELOWA. Korbiel\u00f3w to miejscowo\u015b\u0107 po\u0142o\u017cona w&nbsp;Beskidzie \u017bywieckim, drugim co do wysoko\u015bci (po Tatrach) pa\u015bmie g\u00f3rskim w&nbsp;Polsce. Znajduje si\u0119 tutaj jeden z&nbsp;najwy\u017cszych szczyt\u00f3w Beskid\u00f3w- Pilsko 1557 m&nbsp;n.p.m, jest to drugi najwy\u017cszy szczyt po Babiej G\u00f3rze 1725 m&nbsp;n.p.m. Widoki g\u00f3r zapieraj\u0105 dech w&nbsp;piersiach o&nbsp;ka\u017cdej porze roku. [&hellip;]<\/p>\n","protected":false},"author":1,"featured_media":0,"parent":0,"menu_order":0,"comment_status":"closed","ping_status":"closed","template":"elementor_header_footer","meta":{"footnotes":""},"class_list":["post-778","page","type-page","status-publish","hentry","entry"],"_links":{"self":[{"href":"https:\/\/apartamentymonika.pl\/index.php?rest_route=\/wp\/v2\/pages\/778","targetHints":{"allow":["GET"]}}],"collection":[{"href":"https:\/\/apartamentymonika.pl\/index.php?rest_route=\/wp\/v2\/pages"}],"about":[{"href":"https:\/\/apartamentymonika.pl\/index.php?rest_route=\/wp\/v2\/types\/page"}],"author":[{"embeddable":true,"href":"https:\/\/apartamentymonika.pl\/index.php?rest_route=\/wp\/v2\/users\/1"}],"replies":[{"embeddable":true,"href":"https:\/\/apartamentymonika.pl\/index.php?rest_route=%2Fwp%2Fv2%2Fcomments&post=778"}],"version-history":[{"count":10,"href":"https:\/\/apartamentymonika.pl\/index.php?rest_route=\/wp\/v2\/pages\/778\/revisions"}],"predecessor-version":[{"id":795,"href":"https:\/\/apartamentymonika.pl\/index.php?rest_route=\/wp\/v2\/pages\/778\/revisions\/795"}],"wp:attachment":[{"href":"https:\/\/apartamentymonika.pl\/index.php?rest_route=%2Fwp%2Fv2%2Fmedia&parent=778"}],"curies":[{"name":"wp","href":"https:\/\/api.w.org\/{rel}","templated":true}]}}