{"id":511,"date":"2021-07-13T15:14:16","date_gmt":"2021-07-13T15:14:16","guid":{"rendered":"http:\/\/apartamentymonika.pl\/?page_id=511"},"modified":"2021-07-15T18:01:39","modified_gmt":"2021-07-15T18:01:39","slug":"regulamin","status":"publish","type":"page","link":"https:\/\/apartamentymonika.pl\/?page_id=511","title":{"rendered":"Regulamin"},"content":{"rendered":"\t\t<div data-elementor-type=\"wp-page\" data-elementor-id=\"511\" class=\"elementor elementor-511\" data-elementor-settings=\"[]\">\n\t\t\t\t\t\t\t<div class=\"elementor-section-wrap\">\n\t\t\t\t\t\t\t<section class=\"elementor-section elementor-top-section elementor-element elementor-element-9ccf461 elementor-section-boxed elementor-section-height-default elementor-section-height-default elementor-invisible\" data-id=\"9ccf461\" data-element_type=\"section\" data-settings=\"{&quot;background_background&quot;:&quot;classic&quot;,&quot;animation&quot;:&quot;fadeIn&quot;}\">\n\t\t\t\t\t\t<div class=\"elementor-container elementor-column-gap-default\">\n\t\t\t\t\t<div class=\"elementor-column elementor-col-100 elementor-top-column elementor-element elementor-element-d202e61\" data-id=\"d202e61\" data-element_type=\"column\">\n\t\t\t<div class=\"elementor-widget-wrap elementor-element-populated\">\n\t\t\t\t\t\t\t\t<div class=\"elementor-element elementor-element-d47372e elementor-widget elementor-widget-heading\" data-id=\"d47372e\" data-element_type=\"widget\" data-widget_type=\"heading.default\">\n\t\t\t\t<div class=\"elementor-widget-container\">\n\t\t\t<h2 class=\"elementor-heading-title elementor-size-default\">Regulamin Rezerwacji Apartamenty Monika<\/h2>\t\t<\/div>\n\t\t\t\t<\/div>\n\t\t\t\t<div class=\"elementor-element elementor-element-9464d9b elementor-widget elementor-widget-text-editor\" data-id=\"9464d9b\" data-element_type=\"widget\" data-widget_type=\"text-editor.default\">\n\t\t\t\t<div class=\"elementor-widget-container\">\n\t\t\t\t\t\t\t\t<p>Definicje zwrot\u00f3w u\u017cytych w niniejszym Regulaminie:<\/p><ol><li>Apartamenty Monika \u2013 apartamenty oraz pokoje w Korbielowie prowadzone przez Monika i Czes\u0142aw Piasek,<\/li><li>Klient \u2013 osoba fizyczna lub osoba prawna dokonuj\u0105ca rezerwacji i\/lub wp\u0142acaj\u0105ca zadatek na poczet rezerwacji,<\/li><li>Strony \u2013 Klient i\/lub Apartamenty Monika<\/li><li>Regulamin \u2013 niniejszy regulamin rezerwacji Apartamenty Monika w Korbielowie,<\/li><li>Apartament wykorzystany\u2013 apartament obj\u0119ty skuteczn\u0105 rezerwacj\u0105, kt\u00f3ry by wykorzystywany cho\u0107by przez jedn\u0105 osob\u0119 zgodnie z rezerwacj\u0105.<\/li><\/ol><p>Rezerwacji mo\u017cna dokona\u0107 telefonicznie, mailem lub wype\u0142ni\u0107 formularz na stronie apartamentymonika.pl .Dokonuj\u0105c rezerwacji Klient wyra\u017ca zgod\u0119 na przetwarzanie jego danych osobowych tylko i wy\u0142\u0105cznie w celach zwi\u0105zanych z realizacj\u0105 przedmiotowej rezerwacji oraz w celach marketingowych, przez Apartamenty Monika, zgodnie z ustaw\u0105 z dnia 29.08.1997 r. o ochronie danych osobowych (Dz.U. Nr 101 z 2002 r. poz. 926 z p\u00f3\u017aniejszymi zmianami).<\/p><p>Po dokonaniu rezerwacji Klient otrzymuje potwierdzenie wst\u0119pnego przyj\u0119cia rezerwacji przez Apartamenty Monika, na podanego maila wraz z podliczeniem ca\u0142o\u015bci pobytu oraz kwoty wymaganego zadatku (w rozumieniu przepis\u00f3w kodeksu cywilnego) za us\u0142ug\u0119 Apartamenty Monika (nocleg).<\/p><p>Rezerwacji dokonuje si\u0119 na osob\u0119 fizyczn\u0105 lub prawn\u0105, kt\u00f3ra b\u0119dzie dokonywa\u0107 p\u0142atno\u015bci.<\/p><p>W przypadku rezerwacji przez osob\u0119 fizyczn\u0105 kilku apartament\u00f3w dla grupy os\u00f3b, za Klienta dokonuj\u0105cego rezerwacji konkretnego apartamentu uznaje si\u0119 osob\u0119\/y, kt\u00f3re wp\u0142ac\u0105 zadatek za dany apartament.<\/p><p>Z zastrze\u017ceniem postanowie\u0144 pkt. 9, rezerwacj\u0119 uwa\u017ca si\u0119 za potwierdzon\u0105 (skuteczna rezerwacja) po wp\u0142aceniu uzgodnionego zadatku za pobyt na konto Apartamenty Monika. Jednocze\u015bnie wp\u0142ata zadatku oznacza potwierdzenie akceptacji warunk\u00f3w rezerwacji okre\u015blonych w niniejszym regulaminie przez Klienta dokonuj\u0105cego rezerwacji. Rezerwacja dokonywana jest na Klienta, kt\u00f3ry wp\u0142aci zadatek.<\/p><p>Z zastrze\u017ceniem zdania drugiego i trzeciego poni\u017cej, p\u0142atno\u015bci zadatku nale\u017cy dokona\u0107 terminie do 2 dni od chwili wykonania rezerwacji. W uzasadnionych indywidualnie przypadkach mo\u017cliwe jest ustalenie innego terminu wp\u0142aty zadatku. Zmiana terminu wp\u0142aty zadatku, o kt\u00f3rej mowa w zdaniu powy\u017cej, wymaga pod rygorem niewa\u017cno\u015bci, dokonania jej poprzez uzgodnienie Stron dokonane mailem lub pisemnie.<\/p><p>Nie wp\u0142acenie zadatku w terminie, o kt\u00f3rym mowa w pkt. 7 powy\u017cej, powoduje automatyczne natychmiastowe anulowanie rezerwacji, z zastrze\u017ceniem postanowie\u0144 pkt. 9.<\/p><p>W sytuacji, gdy Klient wp\u0142aci zadatek po up\u0142ywie w\/w terminu lub w niepe\u0142nej wysoko\u015bci, Apartamenty Monika zastrzega sobie prawo odm\u00f3wienia przyj\u0119cia rezerwacji, o czym poinformuje Klienta. W takiej sytuacji zadatek podlega zwrotowi w wysoko\u015bci w jakiej by\u0142 dany.<\/p><p>Po wp\u0142acie zadatku, o ile Strony nie uzgodni\u0105 inaczej, nie ma mo\u017cliwo\u015bci przesuni\u0119cia terminu rezerwacji lub zaliczenia kwoty zadatku na inn\u0105 rezerwacj\u0119 lub inny termin.<\/p><p>Zasady rozliczenia, zwrotu i zatrzymania zadatku.<\/p><p>O ile niniejszy Regulamin nie stanowi inaczej, w sytuacji wykonania us\u0142ugi noclegu przez Apartamenty Monika, zadatek zaliczany jest wy\u0142\u0105cznie na poczet rozliczenia samych nocleg\u00f3w obj\u0119tych dan\u0105 rezerwacj\u0105.<\/p><p>W sytuacji rezygnacji Klienta z rezerwacji w terminie co najmniej 60 dni przed dat\u0105 rozpocz\u0119cia pobytu w Apartamenty Monika zgodnie z rezerwacj\u0105 (decyduje data wp\u0142yni\u0119cia pisma, maila do Apartamenty Monika), zadatek jest zwracany Klientowi w pe\u0142nej wysoko\u015bci, w jakiej by\u0142 wp\u0142acony. Rezygnacja Klienta z rezerwacji musi dla swej wa\u017cno\u015bci by\u0107 dokonana telefonicznie i potwierdzona mailem na adres Apartamenty Monika.<\/p><p>W pozosta\u0142ych przypadkach rezygnacji Klienta z rezerwacji, zadatek nie podlega zwrotowi.<\/p><p>W sytuacji skr\u00f3cenia przez Klienta pobytu w Apartamenty Monika w stosunku do okresu przewidzianego rezerwacj\u0105 lub niewykorzystania wszystkich pokoi w stosunku do dokonanej rezerwacji, sytuacj\u0119 tak\u0105 traktuje si\u0119 jak cz\u0119\u015bciow\u0105 rezygnacj\u0119 Klienta z dokonanej rezerwacji. W takiej sytuacji:<\/p><p>w przypadku skr\u00f3cenia dni pobytu, zadatek dzielony jest proporcjonalnie przez liczb\u0119 dni obj\u0119tych rezerwacj\u0105 i na poczet nale\u017cno\u015bci Klienta wobec Apartamenty Monika za wykorzystane dni skr\u00f3conego pobytu zaliczana jest tylko ta cz\u0119\u015b\u0107 zadatku, kt\u00f3ra przypada za te dni. Zadatku za niewykorzystane dni nie zalicza si\u0119 na poczet nale\u017cno\u015bci za dni wykorzystane;<\/p><p>w przypadku niewykorzystania wszystkich apartament\u00f3w, zadatek dzielony jest proporcjonalnie do koszt\u00f3w wynaj\u0119cia poszczeg\u00f3lnych pokoi zgodnie z rezerwacj\u0105 i na poczet nale\u017cno\u015bci Klienta wobec Apartamenty Monika za apartamenty wykorzystane, zaliczana jest tylko ta cz\u0119\u015b\u0107 zadatku, kt\u00f3ra przypada na te pokoje. Zadatku za niewykorzystane pokoje nie zalicza si\u0119 na poczet nale\u017cno\u015bci za apartamenty wykorzystane.<\/p><p>W sytuacjach opisanych w pkt. 11 ppkt 4), powsta\u0142ych z powodu niewykonania cz\u0119\u015bci zawartej umowy (rezerwacji) przez Klienta, cz\u0119\u015b\u0107 zadatku, nie zaliczona na poczet w\/w nale\u017cno\u015bci Klienta wobec Apartamenty Monika, nie podlega zwrotowi, ani zaliczeniu na poczet jakichkolwiek innych nale\u017cno\u015bci Klienta wobec Apartamenty Monika. Zadatek taki zostaje zatrzymany przez Apartamenty Monika, o ile przepisy prawa nie stanowi\u0105 inaczej.<\/p><p>Niestawienie si\u0119 Klienta w Apartamenty Monika do godziny 14.00 w dniu przyjazdu jest r\u00f3wnoznaczne z anulacj\u0105 rezerwacji (rezygnacj\u0105 Klienta z rezerwacji) i mo\u017cliwo\u015bci\u0105 wynaj\u0119cia apartamentu innemu Klientowi (dla rezerwacji bez zadatku), je\u017celi Strony nie uzgodni\u0142y inaczej.<\/p><p>W przypadku nie dojechania okre\u015blonej liczby Klient\u00f3w do danego apartamentu b\u0105d\u017a apartament\u00f3w tj. wykorzystania danego apartamentu\/apartament\u00f3w jedynie w cz\u0119\u015bci w stosunku do rezerwacji,cena za ten pok\u00f3j ustalona podczas wyliczania koszt\u00f3w pobytu zgodnie z rezerwacj\u0105 nie ulega zmianie (Klient zobowi\u0105zany jest do uiszczenia op\u0142aty za wszystkie miejsca obj\u0119te rezerwacj\u0105, w tym za osoby nieobecne), je\u015bli nie jest to wcze\u015bniej inaczej uzgodnione z\u00a0 Apartamenty Monika.<\/p><p>Potwierdzony podczas rezerwacji nr pokoju mo\u017ce ulec zmianie bez powiadomienia Klienta, pod warunkiem zaoferowania tego samego lub wy\u017cszego standardu apartament\u00f3w.<\/p><p>Warunki pogodowe, w tym warunki narciarskie na stokach narciarskich, nie stanowi\u0105 podstawy do rezygnacji z rezerwacji, zmiany (w tym terminu lub zakresu) rezerwacji, b\u0105d\u017a \u017c\u0105dania zwrotu przez Klienta wp\u0142aconego zadatku \u2013 zgodnie z przepisami obowi\u0105zuj\u0105cego prawa.<\/p><p>Pozosta\u0142a kwot\u0119 za pobyt uj\u0119t\u0105 w ofercie\/rezerwacji, Klient reguluje w dniu przyjazdu, a dodatkowe zam\u00f3wienia nie uj\u0119te w ustaleniach, wynikaj\u0105ce z pobytu Klienta, Klient reguluje w recepcji Apartamenty Monika w Korbielowie najp\u00f3\u017aniej w dniu wyjazdu, o ile obs\u0142uga Apartamenty Monika nie postanowi inaczej.<\/p><p>Wszelkie zawiadomienia pisemne lub mailowe kierowane do Apartamenty Monika, winny by\u0107 kierowane wy\u0142\u0105cznie na nast\u0119puj\u0105ce adresy:<\/p><p>pisemne na adres:<\/p><p><strong>Korbiel\u00f3w Ul. Czarny Gro\u0144 14,<\/strong><br \/><strong>34-335 Korbiel\u00f3w<\/strong><\/p><p>mailowe na adres:<\/p><p><strong>apartamentymonikakorbielow@gmail.com<\/strong><\/p><p>Numer konta do wp\u0142at:<br \/>Bank millenium\u00a0 \u00a0<strong>58 1160 2202 0000 0003 7236 9762<\/strong><\/p>\t\t\t\t\t\t<\/div>\n\t\t\t\t<\/div>\n\t\t\t\t\t<\/div>\n\t\t<\/div>\n\t\t\t\t\t\t\t<\/div>\n\t\t<\/section>\n\t\t\t\t<section class=\"elementor-section elementor-top-section elementor-element elementor-element-5ee402fc elementor-section-boxed elementor-section-height-default elementor-section-height-default\" data-id=\"5ee402fc\" data-element_type=\"section\" data-settings=\"{&quot;background_background&quot;:&quot;classic&quot;}\">\n\t\t\t\t\t\t<div class=\"elementor-container elementor-column-gap-default\">\n\t\t\t\t\t<div class=\"elementor-column elementor-col-33 elementor-top-column elementor-element elementor-element-3c79bf0c\" data-id=\"3c79bf0c\" data-element_type=\"column\">\n\t\t\t<div class=\"elementor-widget-wrap elementor-element-populated\">\n\t\t\t\t\t\t\t\t<div class=\"elementor-element elementor-element-70709734 elementor-icon-list--layout-inline elementor-mobile-align-center elementor-list-item-link-full_width elementor-widget elementor-widget-icon-list\" data-id=\"70709734\" data-element_type=\"widget\" data-widget_type=\"icon-list.default\">\n\t\t\t\t<div class=\"elementor-widget-container\">\n\t\t\t\t\t<ul class=\"elementor-icon-list-items elementor-inline-items\">\n\t\t\t\t\t\t\t<li class=\"elementor-icon-list-item elementor-inline-item\">\n\t\t\t\t\t<a href=\"https:\/\/apartamentymonika.pl\/?page_id=511\">\t\t\t\t\t<span class=\"elementor-icon-list-text\">Regulamin apartamentu<\/span>\n\t\t\t\t\t\t\t\t\t\t\t<\/a>\n\t\t\t\t\t\t\t\t\t<\/li>\n\t\t\t\t\t\t<\/ul>\n\t\t\t\t<\/div>\n\t\t\t\t<\/div>\n\t\t\t\t\t<\/div>\n\t\t<\/div>\n\t\t\t\t<div class=\"elementor-column elementor-col-33 elementor-top-column elementor-element elementor-element-7853b53\" data-id=\"7853b53\" data-element_type=\"column\">\n\t\t\t<div class=\"elementor-widget-wrap elementor-element-populated\">\n\t\t\t\t\t\t\t\t<div class=\"elementor-element elementor-element-77dd7b7 elementor-align-center elementor-widget elementor-widget-button\" data-id=\"77dd7b7\" data-element_type=\"widget\" data-widget_type=\"button.default\">\n\t\t\t\t<div class=\"elementor-widget-container\">\n\t\t\t\t\t<div class=\"elementor-button-wrapper\">\n\t\t\t<a href=\"#top\" class=\"elementor-button-link elementor-button elementor-size-sm elementor-animation-grow\" role=\"button\">\n\t\t\t\t\t\t<span class=\"elementor-button-content-wrapper\">\n\t\t\t\t\t\t<span class=\"elementor-button-icon elementor-align-icon-left\">\n\t\t\t\t<i aria-hidden=\"true\" class=\"fas fa-angle-up\"><\/i>\t\t\t<\/span>\n\t\t\t\t\t\t<span class=\"elementor-button-text\">Powr\u00f3t do g\u00f3ry<\/span>\n\t\t<\/span>\n\t\t\t\t\t<\/a>\n\t\t<\/div>\n\t\t\t\t<\/div>\n\t\t\t\t<\/div>\n\t\t\t\t\t<\/div>\n\t\t<\/div>\n\t\t\t\t<div class=\"elementor-column elementor-col-33 elementor-top-column elementor-element elementor-element-3de41629\" data-id=\"3de41629\" data-element_type=\"column\">\n\t\t\t<div class=\"elementor-widget-wrap elementor-element-populated\">\n\t\t\t\t\t\t\t\t<div class=\"elementor-element elementor-element-3c732305 elementor-shape-rounded elementor-grid-0 e-grid-align-center elementor-widget elementor-widget-social-icons\" data-id=\"3c732305\" data-element_type=\"widget\" data-widget_type=\"social-icons.default\">\n\t\t\t\t<div class=\"elementor-widget-container\">\n\t\t\t\t\t<div class=\"elementor-social-icons-wrapper elementor-grid\">\n\t\t\t\t\t\t\t<div class=\"elementor-grid-item\">\n\t\t\t\t\t<a class=\"elementor-icon elementor-social-icon elementor-social-icon-instagram elementor-repeater-item-1148709\" target=\"_blank\">\n\t\t\t\t\t\t<span class=\"elementor-screen-only\">Instagram<\/span>\n\t\t\t\t\t\t<i class=\"fab fa-instagram\"><\/i>\t\t\t\t\t<\/a>\n\t\t\t\t<\/div>\n\t\t\t\t\t\t\t<div class=\"elementor-grid-item\">\n\t\t\t\t\t<a class=\"elementor-icon elementor-social-icon elementor-social-icon-facebook-f elementor-repeater-item-06fce55\" href=\"https:\/\/www.facebook.com\/apartamentymonika%20\" target=\"_blank\">\n\t\t\t\t\t\t<span class=\"elementor-screen-only\">Facebook-f<\/span>\n\t\t\t\t\t\t<i class=\"fab fa-facebook-f\"><\/i>\t\t\t\t\t<\/a>\n\t\t\t\t<\/div>\n\t\t\t\t\t<\/div>\n\t\t\t\t<\/div>\n\t\t\t\t<\/div>\n\t\t\t\t\t<\/div>\n\t\t<\/div>\n\t\t\t\t\t\t\t<\/div>\n\t\t<\/section>\n\t\t\t\t\t\t<\/div>\n\t\t\t\t\t<\/div>\n\t\t","protected":false},"excerpt":{"rendered":"<p>Regulamin Rezerwacji Apartamenty Monika Definicje zwrot\u00f3w u\u017cytych w niniejszym Regulaminie: Apartamenty Monika \u2013 apartamenty oraz pokoje w Korbielowie prowadzone przez Monika i Czes\u0142aw Piasek, Klient \u2013 osoba fizyczna lub osoba prawna dokonuj\u0105ca rezerwacji i\/lub wp\u0142acaj\u0105ca zadatek na poczet rezerwacji, Strony \u2013 Klient i\/lub Apartamenty Monika Regulamin \u2013 niniejszy regulamin rezerwacji Apartamenty Monika w Korbielowie, Apartament [&hellip;]<\/p>\n","protected":false},"author":1,"featured_media":0,"parent":78,"menu_order":0,"comment_status":"closed","ping_status":"closed","template":"elementor_header_footer","meta":{"footnotes":""},"class_list":["post-511","page","type-page","status-publish","hentry","entry"],"_links":{"self":[{"href":"https:\/\/apartamentymonika.pl\/index.php?rest_route=\/wp\/v2\/pages\/511","targetHints":{"allow":["GET"]}}],"collection":[{"href":"https:\/\/apartamentymonika.pl\/index.php?rest_route=\/wp\/v2\/pages"}],"about":[{"href":"https:\/\/apartamentymonika.pl\/index.php?rest_route=\/wp\/v2\/types\/page"}],"author":[{"embeddable":true,"href":"https:\/\/apartamentymonika.pl\/index.php?rest_route=\/wp\/v2\/users\/1"}],"replies":[{"embeddable":true,"href":"https:\/\/apartamentymonika.pl\/index.php?rest_route=%2Fwp%2Fv2%2Fcomments&post=511"}],"version-history":[{"count":23,"href":"https:\/\/apartamentymonika.pl\/index.php?rest_route=\/wp\/v2\/pages\/511\/revisions"}],"predecessor-version":[{"id":719,"href":"https:\/\/apartamentymonika.pl\/index.php?rest_route=\/wp\/v2\/pages\/511\/revisions\/719"}],"up":[{"embeddable":true,"href":"https:\/\/apartamentymonika.pl\/index.php?rest_route=\/wp\/v2\/pages\/78"}],"wp:attachment":[{"href":"https:\/\/apartamentymonika.pl\/index.php?rest_route=%2Fwp%2Fv2%2Fmedia&parent=511"}],"curies":[{"name":"wp","href":"https:\/\/api.w.org\/{rel}","templated":true}]}}